{"id":5398,"date":"2024-02-15T13:13:27","date_gmt":"2024-02-15T11:13:27","guid":{"rendered":"https:\/\/plevenphil.com\/management"},"modified":"2025-04-23T10:50:12","modified_gmt":"2025-04-23T08:50:12","slug":"management","status":"publish","type":"page","link":"https:\/\/plevenphil.com\/en\/management","title":{"rendered":"Management"},"content":{"rendered":"\t\t<div data-elementor-type=\"wp-page\" data-elementor-id=\"5398\" class=\"elementor elementor-5398 elementor-4135\" data-elementor-post-type=\"page\">\n\t\t\t\t<div class=\"elementor-element elementor-element-4fc673fa e-con-full e-flex lakit-col-width-auto-no e-container e-root-container elementor-top-section e-con e-parent\" data-id=\"4fc673fa\" data-element_type=\"container\" data-e-type=\"container\" data-settings=\"{&quot;background_background&quot;:&quot;classic&quot;,&quot;background_motion_fx_motion_fx_scrolling&quot;:&quot;yes&quot;,&quot;background_motion_fx_translateY_effect&quot;:&quot;yes&quot;,&quot;background_motion_fx_translateY_speed&quot;:{&quot;unit&quot;:&quot;px&quot;,&quot;size&quot;:4,&quot;sizes&quot;:[]},&quot;background_motion_fx_translateY_affectedRange&quot;:{&quot;unit&quot;:&quot;%&quot;,&quot;size&quot;:&quot;&quot;,&quot;sizes&quot;:{&quot;start&quot;:0,&quot;end&quot;:100}},&quot;background_motion_fx_devices&quot;:[&quot;desktop&quot;,&quot;laptop&quot;,&quot;tablet&quot;,&quot;mobile_extra&quot;,&quot;mobile&quot;]}\">\n\t\t\t\t<div class=\"elementor-element elementor-element-3451865b elementor-invisible elementor-widget elementor-widget-heading\" data-id=\"3451865b\" data-element_type=\"widget\" data-e-type=\"widget\" data-settings=\"{&quot;_animation&quot;:&quot;lakitShortFadeInUp&quot;,&quot;_animation_delay&quot;:100}\" data-widget_type=\"heading.default\">\n\t\t\t\t<div class=\"elementor-widget-container\">\n\t\t\t\t\t<h1 class=\"elementor-heading-title elementor-size-default\">Management<\/h1>\t\t\t\t<\/div>\n\t\t\t\t<\/div>\n\t\t\t\t<div class=\"elementor-element elementor-element-17a63a51 lakit-breadcrumbs-align-center elementor-invisible elementor-widget lastudio-kit elementor-lakit-breadcrumbs\" data-id=\"17a63a51\" data-element_type=\"widget\" data-e-type=\"widget\" data-settings=\"{&quot;_animation&quot;:&quot;lakitShortFadeInUp&quot;,&quot;_animation_delay&quot;:300}\" data-widget_type=\"lakit-breadcrumbs.default\">\n\t\t\t\t\t\n\t\t<div class=\"lakit-breadcrumbs\">\n\t\t<div class=\"lakit-breadcrumbs__content\">\n\t\t<div class=\"lakit-breadcrumbs__wrap\"><div class=\"lakit-breadcrumbs__item\"><a href=\"https:\/\/plevenphil.com\/en\" class=\"lakit-breadcrumbs__item-link is-home\" rel=\"home\" title=\"Home\">Home<\/a><\/div>\n\t\t<\/div>\n\t\t<\/div>\n\t\t<\/div>\t\t\t\t<\/div>\n\t\t\t\t<\/div>\n\t\t<div class=\"elementor-element elementor-element-ae5fe47 e-flex e-con-boxed lakit-col-width-auto-no e-container e-root-container elementor-top-section e-con e-parent\" data-id=\"ae5fe47\" data-element_type=\"container\" data-e-type=\"container\">\n\t\t\t\t\t<div class=\"e-con-inner\">\n\t\t\t\t<div class=\"elementor-element elementor-element-bc48561 elementor-widget elementor-widget-heading\" data-id=\"bc48561\" data-element_type=\"widget\" data-e-type=\"widget\" data-widget_type=\"heading.default\">\n\t\t\t\t<div class=\"elementor-widget-container\">\n\t\t\t\t\t<h1 class=\"elementor-heading-title elementor-size-default\">Director<\/h1>\t\t\t\t<\/div>\n\t\t\t\t<\/div>\n\t\t\t\t\t<\/div>\n\t\t\t\t<\/div>\n\t\t<div class=\"elementor-element elementor-element-3a29469a e-flex e-con-boxed lakit-col-width-auto-no e-container e-root-container elementor-top-section e-con e-parent\" data-id=\"3a29469a\" data-element_type=\"container\" data-e-type=\"container\">\n\t\t\t\t\t<div class=\"e-con-inner\">\n\t\t<div class=\"elementor-element elementor-element-795e86bb e-con-full e-flex lakit-col-width-auto-no e-container e-con e-child\" data-id=\"795e86bb\" data-element_type=\"container\" data-e-type=\"container\">\n\t\t\t\t<div class=\"elementor-element elementor-element-2532395e elementor-widget elementor-widget-image\" data-id=\"2532395e\" data-element_type=\"widget\" data-e-type=\"widget\" data-widget_type=\"image.default\">\n\t\t\t\t<div class=\"elementor-widget-container\">\n\t\t\t\t\t\t\t\t\t\t\t\t\t\t\t<img fetchpriority=\"high\" decoding=\"async\" width=\"511\" height=\"423\" src=\"https:\/\/plevenphil.com\/wp-content\/uploads\/2024\/02\/Lubomir_Diakovski.jpg\" class=\"attachment-large size-large wp-image-4592\" alt=\"\" \/>\t\t\t\t\t\t\t\t\t\t\t\t\t\t\t<\/div>\n\t\t\t\t<\/div>\n\t\t\t\t<\/div>\n\t\t<div class=\"elementor-element elementor-element-52159694 e-con-full e-flex lakit-col-width-auto-no e-container e-con e-child\" data-id=\"52159694\" data-element_type=\"container\" data-e-type=\"container\">\n\t\t\t\t<div class=\"elementor-element elementor-element-2980923d elementor-widget elementor-widget-heading\" data-id=\"2980923d\" data-element_type=\"widget\" data-e-type=\"widget\" data-widget_type=\"heading.default\">\n\t\t\t\t<div class=\"elementor-widget-container\">\n\t\t\t\t\t<h3 class=\"elementor-heading-title elementor-size-default\">Lubomir Dyakovsky<\/h3>\t\t\t\t<\/div>\n\t\t\t\t<\/div>\n\t\t\t\t<div class=\"elementor-element elementor-element-47284109 elementor-widget elementor-widget-text-editor\" data-id=\"47284109\" data-element_type=\"widget\" data-e-type=\"widget\" data-widget_type=\"text-editor.default\">\n\t\t\t\t<div class=\"elementor-widget-container\">\n\t\t\t\t\t\t\t\t\t<p style=\"font-size: 1.2em; class=\" p1=\"\"><b>Creative Biography<\/b><\/p>\n\n<p class=\"p1\"><b>Lyubomir Dyakovski<\/b> graduated from the Vocal Faculty of the <b>Pancho Vladigerov National Academy of Music<\/b> in Sofia and debuted in the role of <b>Ernesto<\/b> in the opera <b>&#8220;Don Pasquale.&#8221;<\/b><\/p>\n<p class=\"p1\">He has performed on all opera stages in Bulgaria. He has performed on all opera stages in Bulgaria. In his repertoire, he has over 50 roles, performing the principal tenor parts in the following operas: <b>\u201cLucia di Lammermoor\u201d<\/b>, <b>\u201cThe Pearl Fishers\u201d<\/b>, <b>\u201cLa Boh\u00e8me\u201d<\/b>, <b>\u201cRigoletto\u201d<\/b>, <b>\u201cLa Traviata\u201d<\/b>, <b>\u201cEugene Onegin\u201d<\/b>, <b>\u201cTosca\u201d<\/b>, <b>\u201cFaust\u201d<\/b>, <b>\u201cThe Magic Flute\u201d<\/b>, <b>\u201cMadama Butterfly\u201d<\/b>, and others. The role that brought him the most acclaim is the <b>Astrologer<\/b> in the opera <b>\u201cThe Golden Cockerel\u201d<\/b> by <b>Rimsky-Korsakov<\/b>, which he performs in a French-Japanese coproduction at the Parisian <b>\u201cCh\u00e2telet\u201d<\/b> theatre and the <b>\u201cKabuki\u201d <\/b>theatre. He also performs the same role on the stage of the Sofia Opera under the direction of <b>Vili Tsankov<\/b> <span class=\"s1\">and<\/span> <b>conductor Dimitar Manolov<\/b>.<\/p>\n<p class=\"p1\">L. Dyakovsky sings tenor solos in over <b>30 cantatas<\/b>, oratorios, and requiems with the leading Bulgarian choirs and symphony orchestras, including the <b>Vienna Boys&#8217; Choir<\/b> and the <b>Choir of Radio and Television Zagreb<\/b>. Among them are works by <b>Bach<\/b>, <b>Handel<\/b>, <b>Haydn<\/b>, <b>Mozart<\/b>, <b>Beethoven, Rossini<\/b>, <b>Schubert<\/b>, <b>Verdi<\/b>, <b>Puccini<\/b>, <b>Berlioz<\/b>, <b>Mahler<\/b>, and others. He has participated in one of Europe&#8217;s most prestigious music festivals \u2013 <b>the Dubrovnik Festival<\/b>.<\/p>\t\t\t\t\t\t\t\t<\/div>\n\t\t\t\t<\/div>\n\t\t\t\t<\/div>\n\t\t<div class=\"elementor-element elementor-element-1c1d268a e-con-full e-flex lakit-col-width-auto-no e-container e-con e-child\" data-id=\"1c1d268a\" data-element_type=\"container\" data-e-type=\"container\">\n\t\t\t\t<div class=\"elementor-element elementor-element-394033d2 elementor-widget elementor-widget-text-editor\" data-id=\"394033d2\" data-element_type=\"widget\" data-e-type=\"widget\" data-widget_type=\"text-editor.default\">\n\t\t\t\t<div class=\"elementor-widget-container\">\n\t\t\t\t\t\t\t\t\t<p class=\"p1\">In Bulgaria, L. Dyakovsky participates in the most prestigious music events: <b>Sofia Music Weeks<\/b>, <b>Marten Days<\/b>, <b>Varna Summer<\/b>, <b>Winter Evenings<\/b> in Plovdiv, etc. His ten-year collaboration with <b>Dobrin Petkov<\/b> establishes him as a creator, responsible, demanding, and tolerant towards music and those who create it. In search of style, beauty, and perfection of sound. He is also the only opera singer who has released an opera album with the <b>Plovdiv Philharmonic Orchestra<\/b> under the baton of <b>Dobrin Petkov<\/b>, performing and recording some of the most challenging and rarely performed works such as the <b>&#8220;St. Matthew Passion&#8221;<\/b> by <b>J. S. Bach<\/b>, <b>G. Mahler&#8217;s<\/b> <b>&#8220;Songs of the Earth&#8221;<\/b>, <b>Mendelssohn&#8217;s<\/b> <b>&#8220;Faust Scenes&#8221;<\/b>, and the <b>Requiems by Mozart and Verdi<\/b>.<\/p>\n<p class=\"p1\">Lubomir Dyakovski has performed in over <b>5,000<\/b> concerts on stages such as: <b>Musikverein and Konzerthaus<\/b> <span class=\"s1\"> &#8211; <\/span> <b>Vienna<\/b>, <b>Th\u00e9\u00e2tre des Champs-\u00c9lys\u00e9es<\/b> <span class=\"s1\"> &#8211; <\/span> <b>Paris<\/b>, <b>Konzerthaus<\/b> <span class=\"s1\"> &#8211; <\/span> <b> Berlin<\/b>, <b>Tchaikovsky <\/b> <span class=\"s1\"> Hall <\/span> <span class=\"s1\"> &#8211; <\/span> <b> Moscow<\/b>, <span class=\"s1\">The halls of the <\/span> <b>Berlin,<\/b> <b>Munich<\/b>, <b>Cologne<\/b>, and <b>Leningrad Philharmonic Orchestras<\/b>, <b>Lincoln Center<\/b> <span class=\"s1\"> &#8211; <\/span> <b>New York<\/b> <b>Cathedrals<\/b> <span class=\"s1\"> &#8211; <\/span><b> St. Stephen&#8217;s <\/b><span class=\"s1\">in <\/span> <b>Vienna<\/b>, <b>St. Michael&#8217;s <\/b><span class=\"s1\">in <\/span> <b>Hamburg<\/b>, <b>Saint-Germain-des-Pr\u00e9s<\/b> <span class=\"s1\"> in <\/span> <b>Paris<\/b>, <b>London<\/b>, <b> Amsterdam<\/b>, <b>Madrid<\/b>, <b>Luxembourg<\/b>, <b>Frankfurt am Main<\/b>, <b>Zurich<\/b>, <b>Geneva<\/b>, <b>Mexico<\/b>, etc.<\/p>\n<p class=\"p1\">He has mainly been singing in <b>Austria<\/b>, <b>Germany<\/b>, and <b>Switzerland<\/b> in recent years.<\/p>\n<p class=\"p1\">He is one of the founders of the <b>Pleven Opera<\/b>.<\/p>\n<p class=\"p1\">He is a soloist with the <b>&#8220;Great Don Cossacks&#8221;<\/b>.<\/p>\n<p class=\"p1\">Manager and soloist of <b>The Three Slavic Tenors<\/b>.<\/p>\n<p class=\"p1\">He organises and participates in dozens of <b>charitable initiatives<\/b> both domestically and internationally.<\/p>\n<p class=\"p1\">Honorary citizen of the city of <b> Pleven<\/b>.<\/p>\n<p class=\"p1\">Honorary citizen of the town of <b> Dupnitsa<\/b>.<\/p>\n\t\t\t\t\t\t\t\t<\/div>\n\t\t\t\t<\/div>\n\t\t\t\t<div class=\"elementor-element elementor-element-b944ae7 elementor-widget elementor-widget-spacer\" data-id=\"b944ae7\" data-element_type=\"widget\" data-e-type=\"widget\" data-widget_type=\"spacer.default\">\n\t\t\t\t<div class=\"elementor-widget-container\">\n\t\t\t\t\t\t\t<div class=\"elementor-spacer\">\n\t\t\t<div class=\"elementor-spacer-inner\"><\/div>\n\t\t<\/div>\n\t\t\t\t\t\t<\/div>\n\t\t\t\t<\/div>\n\t\t\t\t<\/div>\n\t\t\t\t\t<\/div>\n\t\t\t\t<\/div>\n\t\t\t\t<\/div>\n\t\t","protected":false},"excerpt":{"rendered":"<p>Management Home Director Lubomir Dyakovsky Creative Biography Lyubomir Dyakovski graduated from the Vocal Faculty of the Pancho Vladigerov National Academy of Music in Sofia and debuted in the role of Ernesto in the opera &#8220;Don Pasquale.&#8221; He has performed on all opera stages in Bulgaria. He has performed on all opera&hellip;<\/p>\n","protected":false},"author":1,"featured_media":0,"parent":0,"menu_order":0,"comment_status":"closed","ping_status":"closed","template":"elementor_header_footer","meta":{"footnotes":""},"class_list":["post-5398","page","type-page","status-publish","hentry"],"_links":{"self":[{"href":"https:\/\/plevenphil.com\/en\/wp-json\/wp\/v2\/pages\/5398","targetHints":{"allow":["GET"]}}],"collection":[{"href":"https:\/\/plevenphil.com\/en\/wp-json\/wp\/v2\/pages"}],"about":[{"href":"https:\/\/plevenphil.com\/en\/wp-json\/wp\/v2\/types\/page"}],"author":[{"embeddable":true,"href":"https:\/\/plevenphil.com\/en\/wp-json\/wp\/v2\/users\/1"}],"replies":[{"embeddable":true,"href":"https:\/\/plevenphil.com\/en\/wp-json\/wp\/v2\/comments?post=5398"}],"version-history":[{"count":10,"href":"https:\/\/plevenphil.com\/en\/wp-json\/wp\/v2\/pages\/5398\/revisions"}],"predecessor-version":[{"id":7745,"href":"https:\/\/plevenphil.com\/en\/wp-json\/wp\/v2\/pages\/5398\/revisions\/7745"}],"wp:attachment":[{"href":"https:\/\/plevenphil.com\/en\/wp-json\/wp\/v2\/media?parent=5398"}],"curies":[{"name":"wp","href":"https:\/\/api.w.org\/{rel}","templated":true}]}}